{"id":418,"date":"2014-10-01T22:33:19","date_gmt":"2014-10-02T05:33:19","guid":{"rendered":"https:\/\/www.feedbolt.com\/dup-feedbolt-plans-and-pricing\/"},"modified":"2018-04-05T11:14:13","modified_gmt":"2018-04-05T18:14:13","slug":"planes","status":"publish","type":"page","link":"https:\/\/www.feedbolt.com\/es\/planes\/","title":{"rendered":"Planes y precios de FeedBolt"},"content":{"rendered":"","protected":false},"excerpt":{"rendered":"","protected":false},"author":1,"featured_media":381,"parent":0,"menu_order":0,"comment_status":"closed","ping_status":"closed","template":"","meta":{"footnotes":""},"class_list":["post-418","page","type-page","status-publish","has-post-thumbnail","hentry"],"yoast_head":"<!-- This site is optimized with the Yoast SEO plugin v27.5 - https:\/\/yoast.com\/product\/yoast-seo-wordpress\/ -->\n<title>Precios, costos y planes de FeedBolt - RSS a correo electr\u00f3nico para Infusionsoft<\/title>\n<meta name=\"description\" content=\"Los planes de FeedBolt cuestan a partir de $29 al mes. Todos los planes te permiten enviar tus \u00faltimas actualizaciones del blog o sitio a tu lista autom\u00e1ticamente a trav\u00e9s de Infusionsoft.\" \/>\n<meta name=\"robots\" content=\"index, follow, max-snippet:-1, max-image-preview:large, max-video-preview:-1\" \/>\n<link rel=\"canonical\" href=\"https:\/\/www.feedbolt.com\/es\/planes\/\" \/>\n<meta property=\"og:locale\" content=\"es_ES\" \/>\n<meta property=\"og:type\" content=\"article\" \/>\n<meta property=\"og:title\" content=\"Precios, costos y planes de FeedBolt - RSS a correo electr\u00f3nico para Infusionsoft\" \/>\n<meta property=\"og:description\" content=\"Los planes de FeedBolt cuestan a partir de $29 al mes. Todos los planes te permiten enviar tus \u00faltimas actualizaciones del blog o sitio a tu lista autom\u00e1ticamente a trav\u00e9s de Infusionsoft.\" \/>\n<meta property=\"og:url\" content=\"https:\/\/www.feedbolt.com\/es\/planes\/\" \/>\n<meta property=\"og:site_name\" content=\"FeedBolt for Keap\" \/>\n<meta property=\"article:publisher\" content=\"https:\/\/www.facebook.com\/FeedBolt\/\" \/>\n<meta property=\"article:modified_time\" content=\"2018-04-05T18:14:13+00:00\" \/>\n<meta property=\"og:image\" content=\"https:\/\/www.feedbolt.com\/wp-content\/uploads\/2014\/10\/mockup-feedbolt-screenshot.png\" \/>\n\t<meta property=\"og:image:width\" content=\"760\" \/>\n\t<meta property=\"og:image:height\" content=\"602\" \/>\n\t<meta property=\"og:image:type\" content=\"image\/png\" \/>\n<meta name=\"twitter:card\" content=\"summary_large_image\" \/>\n<meta name=\"twitter:label1\" content=\"Est. reading time\" \/>\n\t<meta name=\"twitter:data1\" content=\"6 minutes\" \/>\n<script type=\"application\/ld+json\" class=\"yoast-schema-graph\">{\"@context\":\"https:\\\/\\\/schema.org\",\"@graph\":[{\"@type\":\"WebPage\",\"@id\":\"https:\\\/\\\/www.feedbolt.com\\\/es\\\/planes\\\/\",\"url\":\"https:\\\/\\\/www.feedbolt.com\\\/es\\\/planes\\\/\",\"name\":\"Precios, costos y planes de FeedBolt - RSS a correo electr\u00f3nico para Infusionsoft\",\"isPartOf\":{\"@id\":\"https:\\\/\\\/www.feedbolt.com\\\/#website\"},\"primaryImageOfPage\":{\"@id\":\"https:\\\/\\\/www.feedbolt.com\\\/es\\\/planes\\\/#primaryimage\"},\"image\":{\"@id\":\"https:\\\/\\\/www.feedbolt.com\\\/es\\\/planes\\\/#primaryimage\"},\"thumbnailUrl\":\"https:\\\/\\\/www.feedbolt.com\\\/wp-content\\\/uploads\\\/2016\\\/07\\\/feedbolt-bonus.png\",\"datePublished\":\"2014-10-02T05:33:19+00:00\",\"dateModified\":\"2018-04-05T18:14:13+00:00\",\"description\":\"Los planes de FeedBolt cuestan a partir de $29 al mes. Todos los planes te permiten enviar tus \u00faltimas actualizaciones del blog o sitio a tu lista autom\u00e1ticamente a trav\u00e9s de Infusionsoft.\",\"breadcrumb\":{\"@id\":\"https:\\\/\\\/www.feedbolt.com\\\/es\\\/planes\\\/#breadcrumb\"},\"inLanguage\":\"es-419\",\"potentialAction\":[{\"@type\":\"ReadAction\",\"target\":[\"https:\\\/\\\/www.feedbolt.com\\\/es\\\/planes\\\/\"]}]},{\"@type\":\"ImageObject\",\"inLanguage\":\"es-419\",\"@id\":\"https:\\\/\\\/www.feedbolt.com\\\/es\\\/planes\\\/#primaryimage\",\"url\":\"https:\\\/\\\/www.feedbolt.com\\\/wp-content\\\/uploads\\\/2016\\\/07\\\/feedbolt-bonus.png\",\"contentUrl\":\"https:\\\/\\\/www.feedbolt.com\\\/wp-content\\\/uploads\\\/2016\\\/07\\\/feedbolt-bonus.png\",\"width\":500,\"height\":363},{\"@type\":\"BreadcrumbList\",\"@id\":\"https:\\\/\\\/www.feedbolt.com\\\/es\\\/planes\\\/#breadcrumb\",\"itemListElement\":[{\"@type\":\"ListItem\",\"position\":1,\"name\":\"Home\",\"item\":\"https:\\\/\\\/www.feedbolt.com\\\/es\\\/\"},{\"@type\":\"ListItem\",\"position\":2,\"name\":\"Planes y precios de FeedBolt\"}]},{\"@type\":\"WebSite\",\"@id\":\"https:\\\/\\\/www.feedbolt.com\\\/#website\",\"url\":\"https:\\\/\\\/www.feedbolt.com\\\/\",\"name\":\"FeedBolt for Keap\",\"description\":\"Blog and RSS Email Broadcasting for Keap\",\"publisher\":{\"@id\":\"https:\\\/\\\/www.feedbolt.com\\\/#organization\"},\"potentialAction\":[{\"@type\":\"SearchAction\",\"target\":{\"@type\":\"EntryPoint\",\"urlTemplate\":\"https:\\\/\\\/www.feedbolt.com\\\/?s={search_term_string}\"},\"query-input\":{\"@type\":\"PropertyValueSpecification\",\"valueRequired\":true,\"valueName\":\"search_term_string\"}}],\"inLanguage\":\"es-419\"},{\"@type\":\"Organization\",\"@id\":\"https:\\\/\\\/www.feedbolt.com\\\/#organization\",\"name\":\"FeedBolt\",\"url\":\"https:\\\/\\\/www.feedbolt.com\\\/\",\"logo\":{\"@type\":\"ImageObject\",\"inLanguage\":\"es-419\",\"@id\":\"https:\\\/\\\/www.feedbolt.com\\\/#\\\/schema\\\/logo\\\/image\\\/\",\"url\":\"https:\\\/\\\/www.feedbolt.com\\\/wp-content\\\/uploads\\\/2014\\\/10\\\/feedbolt-logo-wp.png\",\"contentUrl\":\"https:\\\/\\\/www.feedbolt.com\\\/wp-content\\\/uploads\\\/2014\\\/10\\\/feedbolt-logo-wp.png\",\"width\":162,\"height\":50,\"caption\":\"FeedBolt\"},\"image\":{\"@id\":\"https:\\\/\\\/www.feedbolt.com\\\/#\\\/schema\\\/logo\\\/image\\\/\"},\"sameAs\":[\"https:\\\/\\\/www.facebook.com\\\/FeedBolt\\\/\"]}]}<\/script>\n<!-- \/ Yoast SEO plugin. -->","yoast_head_json":{"title":"Precios, costos y planes de FeedBolt - RSS a correo electr\u00f3nico para Infusionsoft","description":"Los planes de FeedBolt cuestan a partir de $29 al mes. Todos los planes te permiten enviar tus \u00faltimas actualizaciones del blog o sitio a tu lista autom\u00e1ticamente a trav\u00e9s de Infusionsoft.","robots":{"index":"index","follow":"follow","max-snippet":"max-snippet:-1","max-image-preview":"max-image-preview:large","max-video-preview":"max-video-preview:-1"},"canonical":"https:\/\/www.feedbolt.com\/es\/planes\/","og_locale":"es_ES","og_type":"article","og_title":"Precios, costos y planes de FeedBolt - RSS a correo electr\u00f3nico para Infusionsoft","og_description":"Los planes de FeedBolt cuestan a partir de $29 al mes. Todos los planes te permiten enviar tus \u00faltimas actualizaciones del blog o sitio a tu lista autom\u00e1ticamente a trav\u00e9s de Infusionsoft.","og_url":"https:\/\/www.feedbolt.com\/es\/planes\/","og_site_name":"FeedBolt for Keap","article_publisher":"https:\/\/www.facebook.com\/FeedBolt\/","article_modified_time":"2018-04-05T18:14:13+00:00","og_image":[{"width":760,"height":602,"url":"https:\/\/www.feedbolt.com\/wp-content\/uploads\/2014\/10\/mockup-feedbolt-screenshot.png","type":"image\/png"}],"twitter_card":"summary_large_image","twitter_misc":{"Est. reading time":"6 minutes"},"schema":{"@context":"https:\/\/schema.org","@graph":[{"@type":"WebPage","@id":"https:\/\/www.feedbolt.com\/es\/planes\/","url":"https:\/\/www.feedbolt.com\/es\/planes\/","name":"Precios, costos y planes de FeedBolt - RSS a correo electr\u00f3nico para Infusionsoft","isPartOf":{"@id":"https:\/\/www.feedbolt.com\/#website"},"primaryImageOfPage":{"@id":"https:\/\/www.feedbolt.com\/es\/planes\/#primaryimage"},"image":{"@id":"https:\/\/www.feedbolt.com\/es\/planes\/#primaryimage"},"thumbnailUrl":"https:\/\/www.feedbolt.com\/wp-content\/uploads\/2016\/07\/feedbolt-bonus.png","datePublished":"2014-10-02T05:33:19+00:00","dateModified":"2018-04-05T18:14:13+00:00","description":"Los planes de FeedBolt cuestan a partir de $29 al mes. Todos los planes te permiten enviar tus \u00faltimas actualizaciones del blog o sitio a tu lista autom\u00e1ticamente a trav\u00e9s de Infusionsoft.","breadcrumb":{"@id":"https:\/\/www.feedbolt.com\/es\/planes\/#breadcrumb"},"inLanguage":"es-419","potentialAction":[{"@type":"ReadAction","target":["https:\/\/www.feedbolt.com\/es\/planes\/"]}]},{"@type":"ImageObject","inLanguage":"es-419","@id":"https:\/\/www.feedbolt.com\/es\/planes\/#primaryimage","url":"https:\/\/www.feedbolt.com\/wp-content\/uploads\/2016\/07\/feedbolt-bonus.png","contentUrl":"https:\/\/www.feedbolt.com\/wp-content\/uploads\/2016\/07\/feedbolt-bonus.png","width":500,"height":363},{"@type":"BreadcrumbList","@id":"https:\/\/www.feedbolt.com\/es\/planes\/#breadcrumb","itemListElement":[{"@type":"ListItem","position":1,"name":"Home","item":"https:\/\/www.feedbolt.com\/es\/"},{"@type":"ListItem","position":2,"name":"Planes y precios de FeedBolt"}]},{"@type":"WebSite","@id":"https:\/\/www.feedbolt.com\/#website","url":"https:\/\/www.feedbolt.com\/","name":"FeedBolt for Keap","description":"Blog and RSS Email Broadcasting for Keap","publisher":{"@id":"https:\/\/www.feedbolt.com\/#organization"},"potentialAction":[{"@type":"SearchAction","target":{"@type":"EntryPoint","urlTemplate":"https:\/\/www.feedbolt.com\/?s={search_term_string}"},"query-input":{"@type":"PropertyValueSpecification","valueRequired":true,"valueName":"search_term_string"}}],"inLanguage":"es-419"},{"@type":"Organization","@id":"https:\/\/www.feedbolt.com\/#organization","name":"FeedBolt","url":"https:\/\/www.feedbolt.com\/","logo":{"@type":"ImageObject","inLanguage":"es-419","@id":"https:\/\/www.feedbolt.com\/#\/schema\/logo\/image\/","url":"https:\/\/www.feedbolt.com\/wp-content\/uploads\/2014\/10\/feedbolt-logo-wp.png","contentUrl":"https:\/\/www.feedbolt.com\/wp-content\/uploads\/2014\/10\/feedbolt-logo-wp.png","width":162,"height":50,"caption":"FeedBolt"},"image":{"@id":"https:\/\/www.feedbolt.com\/#\/schema\/logo\/image\/"},"sameAs":["https:\/\/www.facebook.com\/FeedBolt\/"]}]}},"_links":{"self":[{"href":"https:\/\/www.feedbolt.com\/es\/wp-json\/wp\/v2\/pages\/418\/"}],"collection":[{"href":"https:\/\/www.feedbolt.com\/es\/wp-json\/wp\/v2\/pages\/"}],"about":[{"href":"https:\/\/www.feedbolt.com\/es\/wp-json\/wp\/v2\/types\/page\/"}],"author":[{"embeddable":true,"href":"https:\/\/www.feedbolt.com\/es\/wp-json\/wp\/v2\/users\/1\/"}],"replies":[{"embeddable":true,"href":"https:\/\/www.feedbolt.com\/es\/wp-json\/wp\/v2\/comments\/?post=418"}],"version-history":[{"count":0,"href":"https:\/\/www.feedbolt.com\/es\/wp-json\/wp\/v2\/pages\/418\/revisions\/"}],"wp:featuredmedia":[{"embeddable":true,"href":"https:\/\/www.feedbolt.com\/es\/wp-json\/wp\/v2\/media\/381\/"}],"wp:attachment":[{"href":"https:\/\/www.feedbolt.com\/es\/wp-json\/wp\/v2\/media\/?parent=418"}],"curies":[{"name":"wp","href":"https:\/\/api.w.org\/{rel}","templated":true}]}}