{"id":432,"date":"2014-10-01T22:33:19","date_gmt":"2014-10-02T05:33:19","guid":{"rendered":"https:\/\/www.feedbolt.com\/dup-feedbolt-for-infusionsoft\/"},"modified":"2019-05-15T12:50:16","modified_gmt":"2019-05-15T19:50:16","slug":"feedbolt-for-infusionsoft","status":"publish","type":"page","link":"https:\/\/www.feedbolt.com\/pt-br\/","title":{"rendered":"FeedBolt for Infusionsoft"},"content":{"rendered":"","protected":false},"excerpt":{"rendered":"","protected":false},"author":1,"featured_media":0,"parent":0,"menu_order":0,"comment_status":"closed","ping_status":"closed","template":"","meta":{"footnotes":""},"class_list":["post-432","page","type-page","status-publish","hentry"],"yoast_head":"<!-- This site is optimized with the Yoast SEO plugin v27.4 - https:\/\/yoast.com\/product\/yoast-seo-wordpress\/ -->\n<title>FeedBolt RSS por Email com Infusionsoft - Envie automaticamente atualiza\u00e7\u00f5es de blog<\/title>\n<meta name=\"description\" content=\"O FeedBolt \u00e9 compat\u00edvel com seu feed de blog ou RSS, incluindo WordPress, Joomla, Blogger e outros. Se voc\u00ea tem um feed RSS, n\u00f3s enviamos os emails por voc\u00ea pelo Infusionsoft\" \/>\n<meta name=\"robots\" content=\"index, follow, max-snippet:-1, max-image-preview:large, max-video-preview:-1\" \/>\n<link rel=\"canonical\" href=\"https:\/\/www.feedbolt.com\/pt-br\/\" \/>\n<meta property=\"og:locale\" content=\"pt_PT\" \/>\n<meta property=\"og:type\" content=\"article\" \/>\n<meta property=\"og:title\" content=\"FeedBolt RSS to Email for Infusionsoft - Envie automaticamente atualiza\u00e7\u00f5es de blog\" \/>\n<meta property=\"og:description\" content=\"O FeedBolt \u00e9 compat\u00edvel com seu feed de blog ou RSS, incluindo WordPress, Joomla, Blogger e outros. Se voc\u00ea tem um feed RSS, n\u00f3s enviamos os emails por voc\u00ea pelo Infusionsoft\" \/>\n<meta property=\"og:url\" content=\"https:\/\/www.feedbolt.com\/pt-br\/\" \/>\n<meta property=\"og:site_name\" content=\"FeedBolt for Keap\" \/>\n<meta property=\"article:publisher\" content=\"https:\/\/www.facebook.com\/FeedBolt\/\" \/>\n<meta property=\"article:modified_time\" content=\"2019-05-15T19:50:16+00:00\" \/>\n<meta property=\"og:image\" content=\"https:\/\/www.feedbolt.com\/wp-content\/uploads\/2014\/10\/mockup-feedbolt-screenshot.png\" \/>\n\t<meta property=\"og:image:width\" content=\"760\" \/>\n\t<meta property=\"og:image:height\" content=\"602\" \/>\n\t<meta property=\"og:image:type\" content=\"image\/png\" \/>\n<meta name=\"twitter:card\" content=\"summary_large_image\" \/>\n<meta name=\"twitter:label1\" content=\"Est. reading time\" \/>\n\t<meta name=\"twitter:data1\" content=\"24 minutes\" \/>\n<script type=\"application\/ld+json\" class=\"yoast-schema-graph\">{\"@context\":\"https:\\\/\\\/schema.org\",\"@graph\":[{\"@type\":\"WebPage\",\"@id\":\"https:\\\/\\\/www.feedbolt.com\\\/pt-br\\\/\",\"url\":\"https:\\\/\\\/www.feedbolt.com\\\/pt-br\\\/\",\"name\":\"FeedBolt RSS por Email com Infusionsoft - Envie automaticamente atualiza\u00e7\u00f5es de blog\",\"isPartOf\":{\"@id\":\"https:\\\/\\\/www.feedbolt.com\\\/#website\"},\"primaryImageOfPage\":{\"@id\":\"https:\\\/\\\/www.feedbolt.com\\\/pt-br\\\/#primaryimage\"},\"image\":{\"@id\":\"https:\\\/\\\/www.feedbolt.com\\\/pt-br\\\/#primaryimage\"},\"thumbnailUrl\":\"https:\\\/\\\/www.feedbolt.com\\\/wp-content\\\/uploads\\\/2014\\\/10\\\/feedbolt-logo-white-300x92.png\",\"datePublished\":\"2014-10-02T05:33:19+00:00\",\"dateModified\":\"2019-05-15T19:50:16+00:00\",\"description\":\"O FeedBolt \u00e9 compat\u00edvel com seu feed de blog ou RSS, incluindo WordPress, Joomla, Blogger e outros. Se voc\u00ea tem um feed RSS, n\u00f3s enviamos os emails por voc\u00ea pelo Infusionsoft\",\"breadcrumb\":{\"@id\":\"https:\\\/\\\/www.feedbolt.com\\\/pt-br\\\/#breadcrumb\"},\"inLanguage\":\"pt-br\",\"potentialAction\":[{\"@type\":\"ReadAction\",\"target\":[\"https:\\\/\\\/www.feedbolt.com\\\/pt-br\\\/\"]}]},{\"@type\":\"ImageObject\",\"inLanguage\":\"pt-br\",\"@id\":\"https:\\\/\\\/www.feedbolt.com\\\/pt-br\\\/#primaryimage\",\"url\":\"https:\\\/\\\/www.feedbolt.com\\\/wp-content\\\/uploads\\\/2014\\\/10\\\/feedbolt-logo-white-300x92.png\",\"contentUrl\":\"https:\\\/\\\/www.feedbolt.com\\\/wp-content\\\/uploads\\\/2014\\\/10\\\/feedbolt-logo-white-300x92.png\"},{\"@type\":\"BreadcrumbList\",\"@id\":\"https:\\\/\\\/www.feedbolt.com\\\/pt-br\\\/#breadcrumb\",\"itemListElement\":[{\"@type\":\"ListItem\",\"position\":1,\"name\":\"Home\",\"item\":\"https:\\\/\\\/www.feedbolt.com\\\/pt-br\\\/\"},{\"@type\":\"ListItem\",\"position\":2,\"name\":\"FeedBolt for Infusionsoft\"}]},{\"@type\":\"WebSite\",\"@id\":\"https:\\\/\\\/www.feedbolt.com\\\/#website\",\"url\":\"https:\\\/\\\/www.feedbolt.com\\\/\",\"name\":\"FeedBolt for Keap\",\"description\":\"Blog and RSS Email Broadcasting for Keap\",\"publisher\":{\"@id\":\"https:\\\/\\\/www.feedbolt.com\\\/#organization\"},\"potentialAction\":[{\"@type\":\"SearchAction\",\"target\":{\"@type\":\"EntryPoint\",\"urlTemplate\":\"https:\\\/\\\/www.feedbolt.com\\\/?s={search_term_string}\"},\"query-input\":{\"@type\":\"PropertyValueSpecification\",\"valueRequired\":true,\"valueName\":\"search_term_string\"}}],\"inLanguage\":\"pt-br\"},{\"@type\":\"Organization\",\"@id\":\"https:\\\/\\\/www.feedbolt.com\\\/#organization\",\"name\":\"FeedBolt\",\"url\":\"https:\\\/\\\/www.feedbolt.com\\\/\",\"logo\":{\"@type\":\"ImageObject\",\"inLanguage\":\"pt-br\",\"@id\":\"https:\\\/\\\/www.feedbolt.com\\\/#\\\/schema\\\/logo\\\/image\\\/\",\"url\":\"https:\\\/\\\/www.feedbolt.com\\\/wp-content\\\/uploads\\\/2014\\\/10\\\/feedbolt-logo-wp.png\",\"contentUrl\":\"https:\\\/\\\/www.feedbolt.com\\\/wp-content\\\/uploads\\\/2014\\\/10\\\/feedbolt-logo-wp.png\",\"width\":162,\"height\":50,\"caption\":\"FeedBolt\"},\"image\":{\"@id\":\"https:\\\/\\\/www.feedbolt.com\\\/#\\\/schema\\\/logo\\\/image\\\/\"},\"sameAs\":[\"https:\\\/\\\/www.facebook.com\\\/FeedBolt\\\/\"]}]}<\/script>\n<!-- \/ Yoast SEO plugin. -->","yoast_head_json":{"title":"FeedBolt RSS por Email com Infusionsoft - Envie automaticamente atualiza\u00e7\u00f5es de blog","description":"O FeedBolt \u00e9 compat\u00edvel com seu feed de blog ou RSS, incluindo WordPress, Joomla, Blogger e outros. Se voc\u00ea tem um feed RSS, n\u00f3s enviamos os emails por voc\u00ea pelo Infusionsoft","robots":{"index":"index","follow":"follow","max-snippet":"max-snippet:-1","max-image-preview":"max-image-preview:large","max-video-preview":"max-video-preview:-1"},"canonical":"https:\/\/www.feedbolt.com\/pt-br\/","og_locale":"pt_PT","og_type":"article","og_title":"FeedBolt RSS to Email for Infusionsoft - Envie automaticamente atualiza\u00e7\u00f5es de blog","og_description":"O FeedBolt \u00e9 compat\u00edvel com seu feed de blog ou RSS, incluindo WordPress, Joomla, Blogger e outros. Se voc\u00ea tem um feed RSS, n\u00f3s enviamos os emails por voc\u00ea pelo Infusionsoft","og_url":"https:\/\/www.feedbolt.com\/pt-br\/","og_site_name":"FeedBolt for Keap","article_publisher":"https:\/\/www.facebook.com\/FeedBolt\/","article_modified_time":"2019-05-15T19:50:16+00:00","og_image":[{"width":760,"height":602,"url":"https:\/\/www.feedbolt.com\/wp-content\/uploads\/2014\/10\/mockup-feedbolt-screenshot.png","type":"image\/png"}],"twitter_card":"summary_large_image","twitter_misc":{"Est. reading time":"24 minutes"},"schema":{"@context":"https:\/\/schema.org","@graph":[{"@type":"WebPage","@id":"https:\/\/www.feedbolt.com\/pt-br\/","url":"https:\/\/www.feedbolt.com\/pt-br\/","name":"FeedBolt RSS por Email com Infusionsoft - Envie automaticamente atualiza\u00e7\u00f5es de blog","isPartOf":{"@id":"https:\/\/www.feedbolt.com\/#website"},"primaryImageOfPage":{"@id":"https:\/\/www.feedbolt.com\/pt-br\/#primaryimage"},"image":{"@id":"https:\/\/www.feedbolt.com\/pt-br\/#primaryimage"},"thumbnailUrl":"https:\/\/www.feedbolt.com\/wp-content\/uploads\/2014\/10\/feedbolt-logo-white-300x92.png","datePublished":"2014-10-02T05:33:19+00:00","dateModified":"2019-05-15T19:50:16+00:00","description":"O FeedBolt \u00e9 compat\u00edvel com seu feed de blog ou RSS, incluindo WordPress, Joomla, Blogger e outros. Se voc\u00ea tem um feed RSS, n\u00f3s enviamos os emails por voc\u00ea pelo Infusionsoft","breadcrumb":{"@id":"https:\/\/www.feedbolt.com\/pt-br\/#breadcrumb"},"inLanguage":"pt-br","potentialAction":[{"@type":"ReadAction","target":["https:\/\/www.feedbolt.com\/pt-br\/"]}]},{"@type":"ImageObject","inLanguage":"pt-br","@id":"https:\/\/www.feedbolt.com\/pt-br\/#primaryimage","url":"https:\/\/www.feedbolt.com\/wp-content\/uploads\/2014\/10\/feedbolt-logo-white-300x92.png","contentUrl":"https:\/\/www.feedbolt.com\/wp-content\/uploads\/2014\/10\/feedbolt-logo-white-300x92.png"},{"@type":"BreadcrumbList","@id":"https:\/\/www.feedbolt.com\/pt-br\/#breadcrumb","itemListElement":[{"@type":"ListItem","position":1,"name":"Home","item":"https:\/\/www.feedbolt.com\/pt-br\/"},{"@type":"ListItem","position":2,"name":"FeedBolt for Infusionsoft"}]},{"@type":"WebSite","@id":"https:\/\/www.feedbolt.com\/#website","url":"https:\/\/www.feedbolt.com\/","name":"FeedBolt for Keap","description":"Blog and RSS Email Broadcasting for Keap","publisher":{"@id":"https:\/\/www.feedbolt.com\/#organization"},"potentialAction":[{"@type":"SearchAction","target":{"@type":"EntryPoint","urlTemplate":"https:\/\/www.feedbolt.com\/?s={search_term_string}"},"query-input":{"@type":"PropertyValueSpecification","valueRequired":true,"valueName":"search_term_string"}}],"inLanguage":"pt-br"},{"@type":"Organization","@id":"https:\/\/www.feedbolt.com\/#organization","name":"FeedBolt","url":"https:\/\/www.feedbolt.com\/","logo":{"@type":"ImageObject","inLanguage":"pt-br","@id":"https:\/\/www.feedbolt.com\/#\/schema\/logo\/image\/","url":"https:\/\/www.feedbolt.com\/wp-content\/uploads\/2014\/10\/feedbolt-logo-wp.png","contentUrl":"https:\/\/www.feedbolt.com\/wp-content\/uploads\/2014\/10\/feedbolt-logo-wp.png","width":162,"height":50,"caption":"FeedBolt"},"image":{"@id":"https:\/\/www.feedbolt.com\/#\/schema\/logo\/image\/"},"sameAs":["https:\/\/www.facebook.com\/FeedBolt\/"]}]}},"_links":{"self":[{"href":"https:\/\/www.feedbolt.com\/pt-br\/wp-json\/wp\/v2\/pages\/432\/"}],"collection":[{"href":"https:\/\/www.feedbolt.com\/pt-br\/wp-json\/wp\/v2\/pages\/"}],"about":[{"href":"https:\/\/www.feedbolt.com\/pt-br\/wp-json\/wp\/v2\/types\/page\/"}],"author":[{"embeddable":true,"href":"https:\/\/www.feedbolt.com\/pt-br\/wp-json\/wp\/v2\/users\/1\/"}],"replies":[{"embeddable":true,"href":"https:\/\/www.feedbolt.com\/pt-br\/wp-json\/wp\/v2\/comments\/?post=432"}],"version-history":[{"count":0,"href":"https:\/\/www.feedbolt.com\/pt-br\/wp-json\/wp\/v2\/pages\/432\/revisions\/"}],"wp:attachment":[{"href":"https:\/\/www.feedbolt.com\/pt-br\/wp-json\/wp\/v2\/media\/?parent=432"}],"curies":[{"name":"wp","href":"https:\/\/api.w.org\/{rel}","templated":true}]}}